{"id":3,"date":"2025-03-26T13:17:55","date_gmt":"2025-03-26T13:17:55","guid":{"rendered":"https:\/\/dev.stvs.com\/?page_id=3"},"modified":"2025-06-30T15:31:45","modified_gmt":"2025-06-30T13:31:45","slug":"conditions-generales","status":"publish","type":"page","link":"https:\/\/stvs.com\/en\/conditions-generales\/","title":{"rendered":"General Conditions"},"content":{"rendered":"[et_pb_section fb_built= \u00bb1\u2033 _builder_version= \u00bb4.27.4\u2033 _module_preset= \u00bbdefault \u00bb global_colors_info= \u00bb{} \u00bb][et_pb_row _builder_version= \u00bb4.27.4\u2033 _module_preset= \u00bbdefault \u00bb hover_enabled= \u00bb0\u2033 global_colors_info= \u00bb{} \u00bb width= \u00bb35% \u00bb width_last_edited= \u00bbon|phone \u00bb sticky_enabled= \u00bb0\u2033 width_tablet= \u00bb80% \u00bb width_phone= \u00bb90% \u00bb][et_pb_column type= \u00bb4_4\u2033 _builder_version= \u00bb4.27.4\u2033 _module_preset= \u00bbdefault \u00bb global_colors_info= \u00bb{} \u00bb][et_pb_text _builder_version= \u00bb4.27.4\u2033 _module_preset= \u00bbdefault \u00bb global_colors_info= \u00bb{} \u00bb]<h1>General Conditions<\/h1>[\/et_pb_text][et_pb_text _builder_version= \u00bb4.27.4\u2033 _module_preset= \u00bbdefault \u00bb global_colors_info= \u00bb{} \u00bb]<h3>1. Introduction<\/h3>\n<p>These General Conditions (hereinafter referred to as \u201cConditions\u201d) govern the relationship between STVS SA (hereinafter referred to as \u201cSTVS\u201d or \u201cwe\u201d) and our customers<br \/>(hereinafter referred to as \u201cthe Client\u201d or \u201cyou\u201d) in connection with the provision of security systems deployment services.<\/p>\n<p>&nbsp;<\/p>\n<h3>2. Acceptance of the Conditions<\/h3>\n<p>By using STVS for our security systems services, you automatically and unreservedly accept these Conditions. Any deviation from these<br \/>Conditions will only be valid if they are the subject of a written and signed agreement between both parties.<\/p>\n<p>&nbsp;<\/p>\n<h3>3. Quotes and Contracts<\/h3>\n<p>All quotes issued by STVS are valid for a period of 30 days from the date of issue. Quotes accepted by the Client become<br \/>binding contracts between STVS and the Client. Any changes in the scope of services must be agreed in writing.<\/p>\n<p>&nbsp;<\/p>\n<h3>4. Price and Payment<\/h3>\n<p>Rates, costs and payment terms are defined in the accepted quote. Payments must be made in accordance with the terms<br \/>agreed. In the event of late payment, late payment interest may be charged in accordance with current legislation.<\/p>\n<p>&nbsp;<\/p>\n<h3>5. Intellectual Property<\/h3>\n<p>All intellectual property rights associated with the products, software and systems supplied by STVS remain the property of STVS, unless otherwise stated.<br \/>in the contract. The Client may not copy, modify or distribute these elements without the written consent of STVS.<\/p>\n<p>&nbsp;<\/p>\n<h3>6. Guarantees<\/h3>\n<p>STVS is committed to providing services that meet industry standards.<br \/>STVS does not provide any warranty on the Products. The Customer benefits only from the warranties offered by the manufacturers or publishers of said Products.<br \/>STVS does not offer any guarantee of infallibility with regard to any information system on which it provides a service, including an audit service.<br \/>STVS reserves the right to repair or replace defective components, subject to specific warranties.<\/p>\n<p>&nbsp;<\/p>\n<h3>7. Liability<\/h3>\n<p>STVS shall not be liable for any indirect, consequential, special or exemplary damages, including loss of data, income or profits,<br \/>arising from the use of our services. STVS&#039;s total liability to the Customer is limited to the amount paid by the Customer for the services provided.<\/p>\n<p>&nbsp;<\/p>\n<h3>8. Obligations of the Client<\/h3>\n<p>As part of its duty of assistance and collaboration, the Client undertakes in particular:<br \/>a) to provide STVS with the information and documents useful to it for the provision of the Services and Products;<br \/>b) to report to STVS any elements which it considers likely to compromise the proper execution of the contract;<br \/>c) to comply with the obligations prescribed by the manufacturers or publishers of Products, in particular the conditions of use of the Products issued by these<br \/>last ;<br \/>d) not to use the purchased licenses for any purpose other than that for which they were purchased and in particular not to resell them;<br \/>(e) to comply with all legal obligations;<br \/>f) to take all security measures necessary for the performance of the services agreed with STVS;<br \/>(g) to provide STVS with access to its premises and IT infrastructure, either directly on site or via the remote network, to the extent required for<br \/>to be able to provide the Services and Products;<br \/>h) to follow the recommendations and instructions of STVS.<br \/>In the event of non-compliance with the obligations mentioned above, the resulting consequences (such as delays, worsening of an Incident, additional costs,<br \/>etc.) must be borne entirely by the Customer; the Customer must also be liable for any damage caused to STVS.<br \/>If a deadline (delivery, intervention, etc.) has been agreed between STVS and the Client and said deadline cannot be met for a reason attributable to the Client<br \/>or to a third party, this period is suspended until the definitive cessation of this cause.<\/p>\n<p>&nbsp;<\/p>\n<h3>9. Ownership of Products<\/h3>\n<p>The Customer becomes the owner of the Products sold by STVS only after full payment of the price of the Products, including incidental costs and taxes.<br \/>related costs, such as insurance costs and customs fees. STVS has the unilateral and discretionary right to request at any time the registration of the reservation of<br \/>ownership of the Products in the appropriate register and the Customer irrevocably consents in advance to such registration.<\/p>\n<p>&nbsp;<\/p>\n<h3>10. Opening hours<\/h3>\n<p>Except for exceptional closures, the STVS offices are open from 8:00 a.m. to 5:30 p.m. from Monday to Friday, with the exception of official public holidays in the canton of<br \/>Geneva. Services accessible outside of these opening hours are subject to conditions detailed in a specific contract.<\/p>\n<p>&nbsp;<\/p>\n<h3>11. Support<\/h3>\n<p>The Customer having concluded a support service provision with STVS may, during working hours, request its intervention:<br \/>a) by telephone on 022 575 65 80;<br \/>b) by email to support@stvs.com<br \/>Outside of working hours and days, only telephone calls are taken into account.<\/p>\n<p>&nbsp;<\/p>\n<h3>12. Remote or on-site intervention<\/h3>\n<p>STVS operates remotely unless on-site intervention is required. Remote intervention allows for rapid action to resolve incidents, while<br \/>by providing the necessary guarantees in terms of security, authorization management and traceability.<br \/>If necessary, the intervention takes place directly on the site. The on-site intervention may be carried out by an STVS employee or by a<br \/>from a subcontracting company having both the required skills and\/or suitable replacement Products.<\/p>\n<p>&nbsp;<\/p>\n<h3>13. Delivery of Products<\/h3>\n<p>Any Product is considered delivered when it is physically on the Customer&#039;s site or at the delivery location agreed between the Parties or on the system<br \/>Customer information.<br \/>STVS will make every effort to deliver the Product on the date agreed with the Customer, but it assumes no responsibility in the event of late delivery.<br \/>The risks of loss or damage to a material Product pass to the Customer from the moment the Product is delivered to the agreed location and ready for unloading.<br \/>The risks of damage to an intangible Product pass to the Customer from the moment the Product is on the Customer&#039;s information system.<\/p>\n<p>&nbsp;<\/p>\n<h3>14. Confidentiality<\/h3>\n<p>STVS and the Client undertake to respect the confidentiality of sensitive and confidential information exchanged as part of the provision of services.<\/p>\n<p>&nbsp;<\/p>\n<h3>15. Termination<\/h3>\n<p>Either party may terminate the contract in the event of substantial non-compliance by the other party. Termination must be notified in writing. In the event of termination, the<br \/>The Customer is required to pay for the services provided up to the date of termination.<\/p>\n<p>&nbsp;<\/p>\n<h3>16. Publicity of the contract<\/h3>\n<p>Unless the Client disagrees, each Party may mention the name of the other Party and use its logo, as well as a brief description of the nature of the<br \/>services subject to the contract, in its reference lists for the attention of potential clients, its internal documents and\/or documents for the attention of its<br \/>subcontractors participating in the performance of the agreed services. This right does not include the right for one Party to reproduce the trademarks of the other<br \/>Part.<\/p>\n<p>&nbsp;<\/p>\n<h3>17. Applicable Law and Jurisdiction<\/h3>\n<p>The T&amp;Cs are subject to Swiss law, the conflict of laws rules and the United Nations Convention on Contracts for the International Sale of Goods.<br \/>do not apply. The legal forum is Geneva.<br \/>These General Conditions constitute the entire agreement between STVS and the Client and supersede all negotiations, agreements and communications<br \/>previous, whether written or verbal.<br \/>By signing a quote or using our services, you fully and entirely accept these General Conditions.<\/p>\n<p>For any questions or clarifications, please contact us at sales@stvs.com.<\/p>\n<p>&nbsp;<\/p>[\/et_pb_text][\/et_pb_column][\/et_pb_row][\/et_pb_section]","protected":false},"excerpt":{"rendered":"<p>General Terms and Conditions1. Introduction These General Terms and Conditions (hereinafter referred to as \u201cTerms\u201d) govern the relationship between STVS SA (hereinafter referred to as \u201cSTVS\u201d or \u201cwe\u201d) and our customers (hereinafter referred to as \u201cthe Customer\u201d or \u201cyou\u201d) in the context of the provision of security systems deployment services. 2. Acceptance of the Terms By using STVS for our [\u2026]<\/p>","protected":false},"author":1,"featured_media":1594,"parent":0,"menu_order":0,"comment_status":"closed","ping_status":"open","template":"","meta":{"_acf_changed":false,"_et_pb_use_builder":"on","_et_pb_old_content":"","_et_gb_content_width":"","inline_featured_image":false,"footnotes":""},"class_list":["post-3","page","type-page","status-publish","has-post-thumbnail","hentry"],"acf":[],"yoast_head":"<!-- This site is optimized with the Yoast SEO plugin v26.8 - https:\/\/yoast.com\/product\/yoast-seo-wordpress\/ -->\n<title>Conditions g\u00e9n\u00e9rales - STVS - IP VIDEO &amp; SECURITY<\/title>\n<meta name=\"description\" content=\"STVS IP VIDEO &amp; SECURITY - Sp\u00e9cialiste en int\u00e9gration de syst\u00e8me de vid\u00e9osurveillance en r\u00e9seau, bas\u00e9 \u00e0 Gen\u00e8ve et active en Suisse.\" \/>\n<meta name=\"robots\" content=\"index, follow, max-snippet:-1, max-image-preview:large, max-video-preview:-1\" \/>\n<link rel=\"canonical\" href=\"https:\/\/stvs.com\/en\/conditions-generales\/\" \/>\n<meta property=\"og:locale\" content=\"en_GB\" \/>\n<meta property=\"og:type\" content=\"article\" \/>\n<meta property=\"og:title\" content=\"Conditions g\u00e9n\u00e9rales - STVS - IP VIDEO &amp; SECURITY\" \/>\n<meta property=\"og:description\" content=\"STVS IP VIDEO &amp; SECURITY - Sp\u00e9cialiste en int\u00e9gration de syst\u00e8me de vid\u00e9osurveillance en r\u00e9seau, bas\u00e9 \u00e0 Gen\u00e8ve et active en Suisse.\" \/>\n<meta property=\"og:url\" content=\"https:\/\/stvs.com\/en\/conditions-generales\/\" \/>\n<meta property=\"og:site_name\" content=\"STVS\" \/>\n<meta property=\"article:modified_time\" content=\"2025-06-30T13:31:45+00:00\" \/>\n<meta property=\"og:image\" content=\"https:\/\/stvs.com\/web-stvs-0325\/wp-content\/uploads\/2025\/06\/STVS-IP-VIDEO-SECURITY.jpg\" \/>\n\t<meta property=\"og:image:width\" content=\"1200\" \/>\n\t<meta property=\"og:image:height\" content=\"628\" \/>\n\t<meta property=\"og:image:type\" content=\"image\/jpeg\" \/>\n<meta name=\"twitter:card\" content=\"summary_large_image\" \/>\n<meta name=\"twitter:label1\" content=\"Estimated reading time\" \/>\n\t<meta name=\"twitter:data1\" content=\"7 minutes\" \/>\n<script type=\"application\/ld+json\" class=\"yoast-schema-graph\">{\"@context\":\"https:\/\/schema.org\",\"@graph\":[{\"@type\":\"WebPage\",\"@id\":\"https:\/\/stvs.com\/conditions-generales\/\",\"url\":\"https:\/\/stvs.com\/conditions-generales\/\",\"name\":\"Conditions g\u00e9n\u00e9rales - STVS - IP VIDEO &amp; SECURITY\",\"isPartOf\":{\"@id\":\"https:\/\/stvs.com\/#website\"},\"primaryImageOfPage\":{\"@id\":\"https:\/\/stvs.com\/conditions-generales\/#primaryimage\"},\"image\":{\"@id\":\"https:\/\/stvs.com\/conditions-generales\/#primaryimage\"},\"thumbnailUrl\":\"https:\/\/stvs.com\/web-stvs-0325\/wp-content\/uploads\/2025\/06\/STVS-IP-VIDEO-SECURITY.jpg\",\"datePublished\":\"2025-03-26T13:17:55+00:00\",\"dateModified\":\"2025-06-30T13:31:45+00:00\",\"description\":\"STVS IP VIDEO & SECURITY - Sp\u00e9cialiste en int\u00e9gration de syst\u00e8me de vid\u00e9osurveillance en r\u00e9seau, bas\u00e9 \u00e0 Gen\u00e8ve et active en Suisse.\",\"breadcrumb\":{\"@id\":\"https:\/\/stvs.com\/conditions-generales\/#breadcrumb\"},\"inLanguage\":\"en-GB\",\"potentialAction\":[{\"@type\":\"ReadAction\",\"target\":[\"https:\/\/stvs.com\/conditions-generales\/\"]}]},{\"@type\":\"ImageObject\",\"inLanguage\":\"en-GB\",\"@id\":\"https:\/\/stvs.com\/conditions-generales\/#primaryimage\",\"url\":\"https:\/\/stvs.com\/web-stvs-0325\/wp-content\/uploads\/2025\/06\/STVS-IP-VIDEO-SECURITY.jpg\",\"contentUrl\":\"https:\/\/stvs.com\/web-stvs-0325\/wp-content\/uploads\/2025\/06\/STVS-IP-VIDEO-SECURITY.jpg\",\"width\":1200,\"height\":628},{\"@type\":\"BreadcrumbList\",\"@id\":\"https:\/\/stvs.com\/conditions-generales\/#breadcrumb\",\"itemListElement\":[{\"@type\":\"ListItem\",\"position\":1,\"name\":\"Accueil\",\"item\":\"https:\/\/stvs.com\/\"},{\"@type\":\"ListItem\",\"position\":2,\"name\":\"Conditions g\u00e9n\u00e9rales\"}]},{\"@type\":\"WebSite\",\"@id\":\"https:\/\/stvs.com\/#website\",\"url\":\"https:\/\/stvs.com\/\",\"name\":\"STVS\",\"description\":\"IP VIDEO &amp; SECURITY\",\"publisher\":{\"@id\":\"https:\/\/stvs.com\/#organization\"},\"alternateName\":\"STVS\",\"potentialAction\":[{\"@type\":\"SearchAction\",\"target\":{\"@type\":\"EntryPoint\",\"urlTemplate\":\"https:\/\/stvs.com\/?s={search_term_string}\"},\"query-input\":{\"@type\":\"PropertyValueSpecification\",\"valueRequired\":true,\"valueName\":\"search_term_string\"}}],\"inLanguage\":\"en-GB\"},{\"@type\":\"Organization\",\"@id\":\"https:\/\/stvs.com\/#organization\",\"name\":\"STVS - IP VIDEO & SECURITY\",\"alternateName\":\"STVS\",\"url\":\"https:\/\/stvs.com\/\",\"logo\":{\"@type\":\"ImageObject\",\"inLanguage\":\"en-GB\",\"@id\":\"https:\/\/stvs.com\/#\/schema\/logo\/image\/\",\"url\":\"https:\/\/stvs.com\/web-stvs-0325\/wp-content\/uploads\/2025\/03\/Logo_STVS_01_Noir_Vert-1.svg\",\"contentUrl\":\"https:\/\/stvs.com\/web-stvs-0325\/wp-content\/uploads\/2025\/03\/Logo_STVS_01_Noir_Vert-1.svg\",\"width\":1191,\"height\":493,\"caption\":\"STVS - IP VIDEO & SECURITY\"},\"image\":{\"@id\":\"https:\/\/stvs.com\/#\/schema\/logo\/image\/\"},\"sameAs\":[\"https:\/\/www.linkedin.com\/company\/stvs-sa\/\"]}]}<\/script>\n<!-- \/ Yoast SEO plugin. -->","yoast_head_json":{"title":"General Conditions - STVS - IP VIDEO &amp; SECURITY","description":"STVS IP VIDEO &amp; SECURITY - Specialist in network video surveillance system integration, based in Geneva and active in Switzerland.","robots":{"index":"index","follow":"follow","max-snippet":"max-snippet:-1","max-image-preview":"max-image-preview:large","max-video-preview":"max-video-preview:-1"},"canonical":"https:\/\/stvs.com\/en\/conditions-generales\/","og_locale":"en_GB","og_type":"article","og_title":"Conditions g\u00e9n\u00e9rales - STVS - IP VIDEO &amp; SECURITY","og_description":"STVS IP VIDEO & SECURITY - Sp\u00e9cialiste en int\u00e9gration de syst\u00e8me de vid\u00e9osurveillance en r\u00e9seau, bas\u00e9 \u00e0 Gen\u00e8ve et active en Suisse.","og_url":"https:\/\/stvs.com\/en\/conditions-generales\/","og_site_name":"STVS","article_modified_time":"2025-06-30T13:31:45+00:00","og_image":[{"width":1200,"height":628,"url":"https:\/\/stvs.com\/web-stvs-0325\/wp-content\/uploads\/2025\/06\/STVS-IP-VIDEO-SECURITY.jpg","type":"image\/jpeg"}],"twitter_card":"summary_large_image","twitter_misc":{"Estimated reading time":"7 minutes"},"schema":{"@context":"https:\/\/schema.org","@graph":[{"@type":"WebPage","@id":"https:\/\/stvs.com\/conditions-generales\/","url":"https:\/\/stvs.com\/conditions-generales\/","name":"General Conditions - STVS - IP VIDEO &amp; SECURITY","isPartOf":{"@id":"https:\/\/stvs.com\/#website"},"primaryImageOfPage":{"@id":"https:\/\/stvs.com\/conditions-generales\/#primaryimage"},"image":{"@id":"https:\/\/stvs.com\/conditions-generales\/#primaryimage"},"thumbnailUrl":"https:\/\/stvs.com\/web-stvs-0325\/wp-content\/uploads\/2025\/06\/STVS-IP-VIDEO-SECURITY.jpg","datePublished":"2025-03-26T13:17:55+00:00","dateModified":"2025-06-30T13:31:45+00:00","description":"STVS IP VIDEO &amp; SECURITY - Specialist in network video surveillance system integration, based in Geneva and active in Switzerland.","breadcrumb":{"@id":"https:\/\/stvs.com\/conditions-generales\/#breadcrumb"},"inLanguage":"en-GB","potentialAction":[{"@type":"ReadAction","target":["https:\/\/stvs.com\/conditions-generales\/"]}]},{"@type":"ImageObject","inLanguage":"en-GB","@id":"https:\/\/stvs.com\/conditions-generales\/#primaryimage","url":"https:\/\/stvs.com\/web-stvs-0325\/wp-content\/uploads\/2025\/06\/STVS-IP-VIDEO-SECURITY.jpg","contentUrl":"https:\/\/stvs.com\/web-stvs-0325\/wp-content\/uploads\/2025\/06\/STVS-IP-VIDEO-SECURITY.jpg","width":1200,"height":628},{"@type":"BreadcrumbList","@id":"https:\/\/stvs.com\/conditions-generales\/#breadcrumb","itemListElement":[{"@type":"ListItem","position":1,"name":"Accueil","item":"https:\/\/stvs.com\/"},{"@type":"ListItem","position":2,"name":"Conditions g\u00e9n\u00e9rales"}]},{"@type":"WebSite","@id":"https:\/\/stvs.com\/#website","url":"https:\/\/stvs.com\/","name":"STVS","description":"IP VIDEO &amp; SECURITY","publisher":{"@id":"https:\/\/stvs.com\/#organization"},"alternateName":"STVS","potentialAction":[{"@type":"SearchAction","target":{"@type":"EntryPoint","urlTemplate":"https:\/\/stvs.com\/?s={search_term_string}"},"query-input":{"@type":"PropertyValueSpecification","valueRequired":true,"valueName":"search_term_string"}}],"inLanguage":"en-GB"},{"@type":"Organization","@id":"https:\/\/stvs.com\/#organization","name":"STVS - IP VIDEO &amp; SECURITY","alternateName":"STVS","url":"https:\/\/stvs.com\/","logo":{"@type":"ImageObject","inLanguage":"en-GB","@id":"https:\/\/stvs.com\/#\/schema\/logo\/image\/","url":"https:\/\/stvs.com\/web-stvs-0325\/wp-content\/uploads\/2025\/03\/Logo_STVS_01_Noir_Vert-1.svg","contentUrl":"https:\/\/stvs.com\/web-stvs-0325\/wp-content\/uploads\/2025\/03\/Logo_STVS_01_Noir_Vert-1.svg","width":1191,"height":493,"caption":"STVS - IP VIDEO & SECURITY"},"image":{"@id":"https:\/\/stvs.com\/#\/schema\/logo\/image\/"},"sameAs":["https:\/\/www.linkedin.com\/company\/stvs-sa\/"]}]}},"_links":{"self":[{"href":"https:\/\/stvs.com\/en\/wp-json\/wp\/v2\/pages\/3","targetHints":{"allow":["GET"]}}],"collection":[{"href":"https:\/\/stvs.com\/en\/wp-json\/wp\/v2\/pages"}],"about":[{"href":"https:\/\/stvs.com\/en\/wp-json\/wp\/v2\/types\/page"}],"author":[{"embeddable":true,"href":"https:\/\/stvs.com\/en\/wp-json\/wp\/v2\/users\/1"}],"replies":[{"embeddable":true,"href":"https:\/\/stvs.com\/en\/wp-json\/wp\/v2\/comments?post=3"}],"version-history":[{"count":7,"href":"https:\/\/stvs.com\/en\/wp-json\/wp\/v2\/pages\/3\/revisions"}],"predecessor-version":[{"id":1595,"href":"https:\/\/stvs.com\/en\/wp-json\/wp\/v2\/pages\/3\/revisions\/1595"}],"wp:featuredmedia":[{"embeddable":true,"href":"https:\/\/stvs.com\/en\/wp-json\/wp\/v2\/media\/1594"}],"wp:attachment":[{"href":"https:\/\/stvs.com\/en\/wp-json\/wp\/v2\/media?parent=3"}],"curies":[{"name":"wp","href":"https:\/\/api.w.org\/{rel}","templated":true}]}}