{"id":1738,"date":"2025-06-30T23:43:00","date_gmt":"2025-06-30T21:43:00","guid":{"rendered":"https:\/\/stvs.com\/?page_id=1738"},"modified":"2025-06-30T23:47:16","modified_gmt":"2025-06-30T21:47:16","slug":"impressum","status":"publish","type":"page","link":"https:\/\/stvs.com\/en\/impressum\/","title":{"rendered":"Imprint"},"content":{"rendered":"<p>[et_pb_section fb_built= \u00bb1\u2033 theme_builder_area= \u00bbpost_content \u00bb _builder_version= \u00bb4.27.4\u2033 _module_preset= \u00bbdefault \u00bb][et_pb_row _builder_version= \u00bb4.27.4\u2033 _module_preset= \u00bbdefault \u00bb theme_builder_area= \u00bbpost_content \u00bb][et_pb_column _builder_version= \u00bb4.27.4\u2033 _module_preset= \u00bbdefault \u00bb type= \u00bb4_4\u2033 theme_builder_area= \u00bbpost_content \u00bb][et_pb_heading title= \u00bb@ET-DC@eyJkeW5hbWljIjp0cnVlLCJjb250ZW50IjoicG9zdF90aXRsZSIsInNldHRpbmdzIjp7ImJlZm9yZSI6IiIsImFmdGVyIjoiIn19@ \u00bb _builder_version= \u00bb4.27.4\u2033 _module_preset= \u00bbdefault \u00bb theme_builder_area= \u00bbpost_content \u00bb _dynamic_attributes= \u00bbtitle \u00bb title_text_align= \u00bbcenter \u00bb title_font_size= \u00bb50px \u00bb hover_enabled= \u00bb0\u2033 sticky_enabled= \u00bb0\u2033][\/et_pb_heading][\/et_pb_column][\/et_pb_row][et_pb_row _builder_version= \u00bb4.27.4\u2033 _module_preset= \u00bbdefault \u00bb theme_builder_area= \u00bbpost_content \u00bb][et_pb_column _builder_version= \u00bb4.27.4\u2033 _module_preset= \u00bbdefault \u00bb type= \u00bb4_4\u2033 theme_builder_area= \u00bbpost_content \u00bb][et_pb_text _builder_version= \u00bb4.27.4\u2033 _module_preset= \u00bbdefault \u00bb theme_builder_area= \u00bbpost_content \u00bb hover_enabled= \u00bb0\u2033 sticky_enabled= \u00bb0\u2033]<\/p>\n<div class=\"WaaZC\">\n<div class=\"RJPOee EIJn2\">\n<h2 class=\"rPeykc pyPiTc\" data-hveid=\"CAwQAQ\" data-ved=\"2ahUKEwi01p7VjZqOAxXqxAIHHT6EAJ4Qo_EKegQIDBAB\"><span data-huuid=\"3603810480538989703\">Website Owner<\/span><\/h2>\n<p><span data-huuid=\"3603810480538989703\">STVS SA<br \/><\/span><span data-huuid=\"3603810480538989703\">Ch\u00e2teau-Bloch Path 10<br \/>1219 Le Lignon, Switzerland<br \/>+41 22 575 65 65<br \/><a href=\"mailto:sales@stvs.com\" target=\"_blank\" rel=\"noopener\" title=\"mail stvs sa\">sales@stvs.com<\/a><\/span><\/p>\n<\/div>\n<\/div>\n<p>[\/et_pb_text][et_pb_text _builder_version= \u00bb4.27.4\u2033 _module_preset= \u00bbdefault \u00bb theme_builder_area= \u00bbpost_content \u00bb hover_enabled= \u00bb0\u2033 sticky_enabled= \u00bb0\u2033]<\/p>\n<div class=\"WaaZC\">\n<div class=\"RJPOee EIJn2\">\n<h2 class=\"rPeykc pyPiTc\" data-hveid=\"CAwQAQ\" data-ved=\"2ahUKEwi01p7VjZqOAxXqxAIHHT6EAJ4Qo_EKegQIDBAB\"><span data-huuid=\"3603810480538989703\">Photos<\/span><\/h2>\n<p><a href=\"https:\/\/johannesmarburg.myportfolio.com\/\" target=\"_blank\" rel=\"noopener\" title=\"Johannes Marburg Photography\">Johannes Marburg<\/a><\/p>\n<\/div>\n<\/div>\n<p>[\/et_pb_text][et_pb_text _builder_version= \u00bb4.27.4\u2033 _module_preset= \u00bbdefault \u00bb theme_builder_area= \u00bbpost_content \u00bb hover_enabled= \u00bb0\u2033 sticky_enabled= \u00bb0\u2033]<\/p>\n<div class=\"WaaZC\">\n<div class=\"RJPOee EIJn2\">\n<h2 class=\"rPeykc pyPiTc\" data-hveid=\"CAwQAQ\" data-ved=\"2ahUKEwi01p7VjZqOAxXqxAIHHT6EAJ4Qo_EKegQIDBAB\"><span data-huuid=\"3603810480538989703\">Videos<\/span><\/h2>\n<p>Philippe Walker<\/p>\n<\/div>\n<\/div>\n<p>[\/et_pb_text][et_pb_text _builder_version= \u00bb4.27.4\u2033 _module_preset= \u00bbdefault \u00bb theme_builder_area= \u00bbpost_content \u00bb hover_enabled= \u00bb0\u2033 sticky_enabled= \u00bb0\u2033]<\/p>\n<div class=\"WaaZC\">\n<div class=\"RJPOee EIJn2\">\n<h2 class=\"rPeykc pyPiTc\" data-hveid=\"CAwQAQ\" data-ved=\"2ahUKEwi01p7VjZqOAxXqxAIHHT6EAJ4Qo_EKegQIDBAB\"><span data-huuid=\"3603810480538989703\">Verbal identity<\/span><\/h2>\n<p><a href=\"https:\/\/pascalviscardi.ch\/\" target=\"_blank\" rel=\"noopener\" title=\"Pascal Viscardi\">Pascal Viscardi<\/a><\/div>\n<\/div>\n<p>[\/et_pb_text][et_pb_text _builder_version= \u00bb4.27.4\u2033 _module_preset= \u00bbdefault \u00bb theme_builder_area= \u00bbpost_content \u00bb hover_enabled= \u00bb0\u2033 sticky_enabled= \u00bb0\u2033]<\/p>\n<div class=\"WaaZC\">\n<div class=\"RJPOee EIJn2\">\n<h2 class=\"rPeykc pyPiTc\" data-hveid=\"CAwQAQ\" data-ved=\"2ahUKEwi01p7VjZqOAxXqxAIHHT6EAJ4Qo_EKegQIDBAB\"><span data-huuid=\"3603810480538989703\">Visual identity and site development<\/span><\/h2>\n<p><a href=\"https:\/\/ta-daaa.ch\/\" target=\"_blank\" rel=\"noopener\" title=\"Ta-Daaa Studio\">Ta-Daaa Studio<\/a><\/p>\n<\/div>\n<\/div>\n<p>[\/et_pb_text][\/et_pb_column][\/et_pb_row][\/et_pb_section]<\/p>","protected":false},"excerpt":{"rendered":"<p>Website owner STVS SAChemin du Ch\u00e2teau-Bloch 101219 Le Lignon, Switzerland+41 22 575 65 65sales@stvs.com Photos Johannes Marburg Videos Philippe Walker Verbal identity Pascal Viscardi Visual identity and website development Ta-Daaa Studio<\/p>","protected":false},"author":1,"featured_media":1594,"parent":0,"menu_order":0,"comment_status":"closed","ping_status":"closed","template":"","meta":{"_acf_changed":false,"_et_pb_use_builder":"on","_et_pb_old_content":"","_et_gb_content_width":"","inline_featured_image":false,"footnotes":""},"class_list":["post-1738","page","type-page","status-publish","has-post-thumbnail","hentry"],"acf":[],"yoast_head":"<!-- This site is optimized with the Yoast SEO plugin v26.8 - https:\/\/yoast.com\/product\/yoast-seo-wordpress\/ -->\n<title>Impressum - STVS - IP VIDEO &amp; SECURITY<\/title>\n<meta name=\"description\" content=\"STVS IP VIDEO &amp; SECURITY - Sp\u00e9cialiste en int\u00e9gration de syst\u00e8me de vid\u00e9osurveillance en r\u00e9seau, bas\u00e9 \u00e0 Gen\u00e8ve et active en Suisse.\" \/>\n<meta name=\"robots\" content=\"index, follow, max-snippet:-1, max-image-preview:large, max-video-preview:-1\" \/>\n<link rel=\"canonical\" href=\"https:\/\/stvs.com\/en\/impressum\/\" \/>\n<meta property=\"og:locale\" content=\"en_GB\" \/>\n<meta property=\"og:type\" content=\"article\" \/>\n<meta property=\"og:title\" content=\"Impressum - STVS - IP VIDEO &amp; SECURITY\" \/>\n<meta property=\"og:description\" content=\"STVS IP VIDEO &amp; SECURITY - Sp\u00e9cialiste en int\u00e9gration de syst\u00e8me de vid\u00e9osurveillance en r\u00e9seau, bas\u00e9 \u00e0 Gen\u00e8ve et active en Suisse.\" \/>\n<meta property=\"og:url\" content=\"https:\/\/stvs.com\/en\/impressum\/\" \/>\n<meta property=\"og:site_name\" content=\"STVS\" \/>\n<meta property=\"article:modified_time\" content=\"2025-06-30T21:47:16+00:00\" \/>\n<meta property=\"og:image\" content=\"https:\/\/stvs.com\/web-stvs-0325\/wp-content\/uploads\/2025\/06\/STVS-IP-VIDEO-SECURITY.jpg\" \/>\n\t<meta property=\"og:image:width\" content=\"1200\" \/>\n\t<meta property=\"og:image:height\" content=\"628\" \/>\n\t<meta property=\"og:image:type\" content=\"image\/jpeg\" \/>\n<meta name=\"twitter:card\" content=\"summary_large_image\" \/>\n<meta name=\"twitter:label1\" content=\"Estimated reading time\" \/>\n\t<meta name=\"twitter:data1\" content=\"1 minute\" \/>\n<script type=\"application\/ld+json\" class=\"yoast-schema-graph\">{\"@context\":\"https:\/\/schema.org\",\"@graph\":[{\"@type\":\"WebPage\",\"@id\":\"https:\/\/stvs.com\/impressum\/\",\"url\":\"https:\/\/stvs.com\/impressum\/\",\"name\":\"Impressum - STVS - IP VIDEO &amp; SECURITY\",\"isPartOf\":{\"@id\":\"https:\/\/stvs.com\/#website\"},\"primaryImageOfPage\":{\"@id\":\"https:\/\/stvs.com\/impressum\/#primaryimage\"},\"image\":{\"@id\":\"https:\/\/stvs.com\/impressum\/#primaryimage\"},\"thumbnailUrl\":\"https:\/\/stvs.com\/web-stvs-0325\/wp-content\/uploads\/2025\/06\/STVS-IP-VIDEO-SECURITY.jpg\",\"datePublished\":\"2025-06-30T21:43:00+00:00\",\"dateModified\":\"2025-06-30T21:47:16+00:00\",\"description\":\"STVS IP VIDEO & SECURITY - Sp\u00e9cialiste en int\u00e9gration de syst\u00e8me de vid\u00e9osurveillance en r\u00e9seau, bas\u00e9 \u00e0 Gen\u00e8ve et active en Suisse.\",\"breadcrumb\":{\"@id\":\"https:\/\/stvs.com\/impressum\/#breadcrumb\"},\"inLanguage\":\"en-GB\",\"potentialAction\":[{\"@type\":\"ReadAction\",\"target\":[\"https:\/\/stvs.com\/impressum\/\"]}]},{\"@type\":\"ImageObject\",\"inLanguage\":\"en-GB\",\"@id\":\"https:\/\/stvs.com\/impressum\/#primaryimage\",\"url\":\"https:\/\/stvs.com\/web-stvs-0325\/wp-content\/uploads\/2025\/06\/STVS-IP-VIDEO-SECURITY.jpg\",\"contentUrl\":\"https:\/\/stvs.com\/web-stvs-0325\/wp-content\/uploads\/2025\/06\/STVS-IP-VIDEO-SECURITY.jpg\",\"width\":1200,\"height\":628},{\"@type\":\"BreadcrumbList\",\"@id\":\"https:\/\/stvs.com\/impressum\/#breadcrumb\",\"itemListElement\":[{\"@type\":\"ListItem\",\"position\":1,\"name\":\"Accueil\",\"item\":\"https:\/\/stvs.com\/\"},{\"@type\":\"ListItem\",\"position\":2,\"name\":\"Impressum\"}]},{\"@type\":\"WebSite\",\"@id\":\"https:\/\/stvs.com\/#website\",\"url\":\"https:\/\/stvs.com\/\",\"name\":\"STVS\",\"description\":\"IP VIDEO &amp; SECURITY\",\"publisher\":{\"@id\":\"https:\/\/stvs.com\/#organization\"},\"alternateName\":\"STVS\",\"potentialAction\":[{\"@type\":\"SearchAction\",\"target\":{\"@type\":\"EntryPoint\",\"urlTemplate\":\"https:\/\/stvs.com\/?s={search_term_string}\"},\"query-input\":{\"@type\":\"PropertyValueSpecification\",\"valueRequired\":true,\"valueName\":\"search_term_string\"}}],\"inLanguage\":\"en-GB\"},{\"@type\":\"Organization\",\"@id\":\"https:\/\/stvs.com\/#organization\",\"name\":\"STVS - IP VIDEO & SECURITY\",\"alternateName\":\"STVS\",\"url\":\"https:\/\/stvs.com\/\",\"logo\":{\"@type\":\"ImageObject\",\"inLanguage\":\"en-GB\",\"@id\":\"https:\/\/stvs.com\/#\/schema\/logo\/image\/\",\"url\":\"https:\/\/stvs.com\/web-stvs-0325\/wp-content\/uploads\/2025\/03\/Logo_STVS_01_Noir_Vert-1.svg\",\"contentUrl\":\"https:\/\/stvs.com\/web-stvs-0325\/wp-content\/uploads\/2025\/03\/Logo_STVS_01_Noir_Vert-1.svg\",\"width\":1191,\"height\":493,\"caption\":\"STVS - IP VIDEO & SECURITY\"},\"image\":{\"@id\":\"https:\/\/stvs.com\/#\/schema\/logo\/image\/\"},\"sameAs\":[\"https:\/\/www.linkedin.com\/company\/stvs-sa\/\"]}]}<\/script>\n<!-- \/ Yoast SEO plugin. -->","yoast_head_json":{"title":"Impressum - STVS - IP VIDEO &amp; SECURITY","description":"STVS IP VIDEO &amp; SECURITY - Specialist in network video surveillance system integration, based in Geneva and active in Switzerland.","robots":{"index":"index","follow":"follow","max-snippet":"max-snippet:-1","max-image-preview":"max-image-preview:large","max-video-preview":"max-video-preview:-1"},"canonical":"https:\/\/stvs.com\/en\/impressum\/","og_locale":"en_GB","og_type":"article","og_title":"Impressum - STVS - IP VIDEO &amp; SECURITY","og_description":"STVS IP VIDEO & SECURITY - Sp\u00e9cialiste en int\u00e9gration de syst\u00e8me de vid\u00e9osurveillance en r\u00e9seau, bas\u00e9 \u00e0 Gen\u00e8ve et active en Suisse.","og_url":"https:\/\/stvs.com\/en\/impressum\/","og_site_name":"STVS","article_modified_time":"2025-06-30T21:47:16+00:00","og_image":[{"width":1200,"height":628,"url":"https:\/\/stvs.com\/web-stvs-0325\/wp-content\/uploads\/2025\/06\/STVS-IP-VIDEO-SECURITY.jpg","type":"image\/jpeg"}],"twitter_card":"summary_large_image","twitter_misc":{"Estimated reading time":"1 minute"},"schema":{"@context":"https:\/\/schema.org","@graph":[{"@type":"WebPage","@id":"https:\/\/stvs.com\/impressum\/","url":"https:\/\/stvs.com\/impressum\/","name":"Impressum - STVS - IP VIDEO &amp; SECURITY","isPartOf":{"@id":"https:\/\/stvs.com\/#website"},"primaryImageOfPage":{"@id":"https:\/\/stvs.com\/impressum\/#primaryimage"},"image":{"@id":"https:\/\/stvs.com\/impressum\/#primaryimage"},"thumbnailUrl":"https:\/\/stvs.com\/web-stvs-0325\/wp-content\/uploads\/2025\/06\/STVS-IP-VIDEO-SECURITY.jpg","datePublished":"2025-06-30T21:43:00+00:00","dateModified":"2025-06-30T21:47:16+00:00","description":"STVS IP VIDEO &amp; SECURITY - Specialist in network video surveillance system integration, based in Geneva and active in Switzerland.","breadcrumb":{"@id":"https:\/\/stvs.com\/impressum\/#breadcrumb"},"inLanguage":"en-GB","potentialAction":[{"@type":"ReadAction","target":["https:\/\/stvs.com\/impressum\/"]}]},{"@type":"ImageObject","inLanguage":"en-GB","@id":"https:\/\/stvs.com\/impressum\/#primaryimage","url":"https:\/\/stvs.com\/web-stvs-0325\/wp-content\/uploads\/2025\/06\/STVS-IP-VIDEO-SECURITY.jpg","contentUrl":"https:\/\/stvs.com\/web-stvs-0325\/wp-content\/uploads\/2025\/06\/STVS-IP-VIDEO-SECURITY.jpg","width":1200,"height":628},{"@type":"BreadcrumbList","@id":"https:\/\/stvs.com\/impressum\/#breadcrumb","itemListElement":[{"@type":"ListItem","position":1,"name":"Accueil","item":"https:\/\/stvs.com\/"},{"@type":"ListItem","position":2,"name":"Impressum"}]},{"@type":"WebSite","@id":"https:\/\/stvs.com\/#website","url":"https:\/\/stvs.com\/","name":"STVS","description":"IP VIDEO &amp; SECURITY","publisher":{"@id":"https:\/\/stvs.com\/#organization"},"alternateName":"STVS","potentialAction":[{"@type":"SearchAction","target":{"@type":"EntryPoint","urlTemplate":"https:\/\/stvs.com\/?s={search_term_string}"},"query-input":{"@type":"PropertyValueSpecification","valueRequired":true,"valueName":"search_term_string"}}],"inLanguage":"en-GB"},{"@type":"Organization","@id":"https:\/\/stvs.com\/#organization","name":"STVS - IP VIDEO &amp; SECURITY","alternateName":"STVS","url":"https:\/\/stvs.com\/","logo":{"@type":"ImageObject","inLanguage":"en-GB","@id":"https:\/\/stvs.com\/#\/schema\/logo\/image\/","url":"https:\/\/stvs.com\/web-stvs-0325\/wp-content\/uploads\/2025\/03\/Logo_STVS_01_Noir_Vert-1.svg","contentUrl":"https:\/\/stvs.com\/web-stvs-0325\/wp-content\/uploads\/2025\/03\/Logo_STVS_01_Noir_Vert-1.svg","width":1191,"height":493,"caption":"STVS - IP VIDEO & SECURITY"},"image":{"@id":"https:\/\/stvs.com\/#\/schema\/logo\/image\/"},"sameAs":["https:\/\/www.linkedin.com\/company\/stvs-sa\/"]}]}},"_links":{"self":[{"href":"https:\/\/stvs.com\/en\/wp-json\/wp\/v2\/pages\/1738","targetHints":{"allow":["GET"]}}],"collection":[{"href":"https:\/\/stvs.com\/en\/wp-json\/wp\/v2\/pages"}],"about":[{"href":"https:\/\/stvs.com\/en\/wp-json\/wp\/v2\/types\/page"}],"author":[{"embeddable":true,"href":"https:\/\/stvs.com\/en\/wp-json\/wp\/v2\/users\/1"}],"replies":[{"embeddable":true,"href":"https:\/\/stvs.com\/en\/wp-json\/wp\/v2\/comments?post=1738"}],"version-history":[{"count":6,"href":"https:\/\/stvs.com\/en\/wp-json\/wp\/v2\/pages\/1738\/revisions"}],"predecessor-version":[{"id":1745,"href":"https:\/\/stvs.com\/en\/wp-json\/wp\/v2\/pages\/1738\/revisions\/1745"}],"wp:featuredmedia":[{"embeddable":true,"href":"https:\/\/stvs.com\/en\/wp-json\/wp\/v2\/media\/1594"}],"wp:attachment":[{"href":"https:\/\/stvs.com\/en\/wp-json\/wp\/v2\/media?parent=1738"}],"curies":[{"name":"wp","href":"https:\/\/api.w.org\/{rel}","templated":true}]}}