{"id":124,"date":"2025-03-26T17:11:33","date_gmt":"2025-03-26T16:11:33","guid":{"rendered":"https:\/\/dev.stvs.com\/?page_id=124"},"modified":"2025-06-30T16:38:54","modified_gmt":"2025-06-30T14:38:54","slug":"magazine","status":"publish","type":"page","link":"https:\/\/stvs.com\/en\/magazine\/","title":{"rendered":"Magazine"},"content":{"rendered":"<p>[et_pb_section fb_built= \u00bb1\u2033 custom_padding_last_edited= \u00bbon|tablet \u00bb _builder_version= \u00bb4.27.4\u2033 _module_preset= \u00bbdefault \u00bb background_enable_image= \u00bboff \u00bb background_size= \u00bbcustom \u00bb background_image_width= \u00bb95% \u00bb background_enable_video_mp4= \u00bboff \u00bb height_tablet= \u00bb \u00bb height_phone= \u00bb \u00bb height_last_edited= \u00bbon|phone \u00bb custom_margin= \u00bb0px||0px||true|true \u00bb custom_margin_tablet= \u00bb2%||||false|false \u00bb custom_margin_phone= \u00bb0%||||false|false \u00bb custom_margin_last_edited= \u00bbon|phone \u00bb custom_padding= \u00bb2%||||false|false \u00bb custom_padding_tablet= \u00bb0px||0px||false|false \u00bb custom_padding_phone= \u00bb0px||0px||false|false \u00bb background_last_edited= \u00bbon|tablet \u00bb background_image_width_tablet= \u00bb95% \u00bb background_image_width_phone= \u00bbauto \u00bb background_image_height_tablet= \u00bb95% \u00bb background_image_height_phone= \u00bb100% \u00bb global_colors_info= \u00bb{} \u00bb][et_pb_row _builder_version= \u00bb4.27.4\u2033 _module_preset= \u00bbdefault \u00bb positioning= \u00bbabsolute \u00bb position_origin_a= \u00bbbottom_left \u00bb vertical_offset= \u00bb9% \u00bb z_index= \u00bb10\u2033 vertical_offset_tablet= \u00bb-5% \u00bb vertical_offset_phone= \u00bb-5% \u00bb vertical_offset_last_edited= \u00bbon|phone \u00bb width= \u00bb100% \u00bb custom_margin= \u00bb||-3%||false|false \u00bb custom_padding= \u00bb0px||0px||true|false \u00bb global_colors_info= \u00bb{} \u00bb][et_pb_column type= \u00bb4_4\u2033 _builder_version= \u00bb4.27.4\u2033 _module_preset= \u00bbdefault \u00bb global_colors_info= \u00bb{} \u00bb][et_pb_text module_class= \u00bbanimated-ribbon \u00bb _builder_version= \u00bb4.27.4\u2033 _module_preset= \u00bbdefault \u00bb header_text_color= \u00bb#FFFFFF \u00bb header_font_size= \u00bb54px \u00bb custom_padding= \u00bb10px|8%|0px|8%|false|true \u00bb header_font_size_tablet= \u00bb34px \u00bb header_font_size_phone= \u00bb34px \u00bb header_font_size_last_edited= \u00bbon|desktop \u00bb custom_css_free_form= \u00bb|| \u00bb global_colors_info= \u00bb{} \u00bb]<\/p>\n<h1>Magazine<\/h1>\n<p>[\/et_pb_text][\/et_pb_column][\/et_pb_row][et_pb_row _builder_version= \u00bb4.27.4\u2033 _module_preset= \u00bbdefault \u00bb background_color= \u00bb#000000\u2033 background_enable_video_mp4= \u00bboff \u00bb positioning= \u00bbnone \u00bb position_origin_a= \u00bbcenter_center \u00bb width_tablet= \u00bb96% \u00bb width_phone= \u00bb \u00bb width_last_edited= \u00bbon|phone \u00bb height= \u00bb70vh \u00bb height_tablet= \u00bb \u00bb height_phone= \u00bb \u00bb height_last_edited= \u00bbon|phone \u00bb custom_margin_tablet= \u00bb2%||||false|false \u00bb custom_margin_phone= \u00bb2%||||false|false \u00bb custom_margin_last_edited=\u201don|phone\u201d custom_padding= \u00bb0px||0px||true|false \u00bb global_colors_info= \u00bb{} \u00bb][et_pb_column type= \u00bb4_4\u2033 _builder_version= \u00bb4.27.4\u2033 _module_preset= \u00bbdefault \u00bb global_colors_info= \u00bb{} \u00bb][et_pb_blog posts_number= \u00bb4\u2033 use_manual_excerpt= \u00bboff \u00bb excerpt_length= \u00bb30\u2033 show_author= \u00bboff \u00bb show_date= \u00bboff \u00bb show_categories= \u00bboff \u00bb show_excerpt= \u00bboff \u00bb module_class= \u00bbhero-blog \u00bb _builder_version= \u00bb4.27.4\u2033 _module_preset= \u00bbdefault \u00bb header_text_color= \u00bb#FFFFFF \u00bb body_text_color= \u00bb#FFFFFF \u00bb custom_margin= \u00bb||0px||false|false \u00bb custom_padding= \u00bb||0px||false|false \u00bb hover_enabled= \u00bb0\u2033 global_colors_info= \u00bb{} \u00bb include_categories= \u00bb19\u2033 sticky_enabled= \u00bb0\u2033][\/et_pb_blog][\/et_pb_column][\/et_pb_row][\/et_pb_section][et_pb_section fb_built= \u00bb1\u2033 _builder_version= \u00bb4.27.4\u2033 _module_preset= \u00bbdefault \u00bb global_colors_info= \u00bb{} \u00bb][et_pb_row use_custom_gutter= \u00bbon \u00bb gutter_width= \u00bb1\u2033 module_class= \u00bbblog-4-cols \u00bb _builder_version= \u00bb4.27.4\u2033 _module_preset= \u00bbdefault \u00bb width_tablet= \u00bb90% \u00bb width_phone= \u00bb90% \u00bb width_last_edited= \u00bbon|phone \u00bb custom_margin_tablet= \u00bb \u00bb custom_margin_phone= \u00bb \u00bb custom_margin_last_edited= \u00bbon|phone \u00bb custom_padding= \u00bb0px||0px||false|false \u00bb global_colors_info= \u00bb{} \u00bb][et_pb_column type= \u00bb4_4\u2033 _builder_version= \u00bb4.27.4\u2033 _module_preset= \u00bbdefault \u00bb global_colors_info= \u00bb{} \u00bb][et_pb_heading title= \u00bbNews \u00bb _builder_version= \u00bb4.27.4\u2033 _module_preset= \u00bbdefault \u00bb title_text_align= \u00bbcenter \u00bb global_colors_info= \u00bb{} \u00bb][\/et_pb_heading][et_pb_blog fullwidth= \u00bboff \u00bb excerpt_length= \u00bb45\u2033 show_more= \u00bbon \u00bb show_author= \u00bboff \u00bb show_date= \u00bboff \u00bb show_categories= \u00bboff \u00bb show_pagination= \u00bboff \u00bb module_class= \u00bb blog-4-cols \u00bb _builder_version= \u00bb4.27.4\u2033 _module_preset= \u00bbdefault \u00bb custom_margin= \u00bb0px|0px|0px|0px|true|true \u00bb custom_padding= \u00bb0px|0px|0px|0px|true|true \u00bb hover_enabled= \u00bb0\u2033 border_style_all= \u00bbnone \u00bb global_colors_info= \u00bb{} \u00bb include_categories= \u00bb19\u2033 sticky_enabled= \u00bb0\u2033][\/et_pb_blog][\/et_pb_column][\/et_pb_row][\/et_pb_section]<\/p>","protected":false},"excerpt":{"rendered":"<p>Magazine<\/p>","protected":false},"author":1,"featured_media":1594,"parent":0,"menu_order":0,"comment_status":"closed","ping_status":"closed","template":"","meta":{"_acf_changed":false,"_et_pb_use_builder":"on","_et_pb_old_content":"","_et_gb_content_width":"","inline_featured_image":false,"footnotes":""},"class_list":["post-124","page","type-page","status-publish","has-post-thumbnail","hentry"],"acf":[],"yoast_head":"<!-- This site is optimized with the Yoast SEO plugin v26.8 - https:\/\/yoast.com\/product\/yoast-seo-wordpress\/ -->\n<title>Magazine - STVS - IP VIDEO &amp; SECURITY<\/title>\n<meta name=\"description\" content=\"STVS IP VIDEO &amp; SECURITY - Sp\u00e9cialiste en int\u00e9gration de syst\u00e8me de vid\u00e9osurveillance en r\u00e9seau, bas\u00e9 \u00e0 Gen\u00e8ve et active en Suisse.\" \/>\n<meta name=\"robots\" content=\"index, follow, max-snippet:-1, max-image-preview:large, max-video-preview:-1\" \/>\n<link rel=\"canonical\" href=\"https:\/\/stvs.com\/en\/magazine\/\" \/>\n<meta property=\"og:locale\" content=\"en_GB\" \/>\n<meta property=\"og:type\" content=\"article\" \/>\n<meta property=\"og:title\" content=\"Magazine - STVS - IP VIDEO &amp; SECURITY\" \/>\n<meta property=\"og:description\" content=\"STVS IP VIDEO &amp; SECURITY - Sp\u00e9cialiste en int\u00e9gration de syst\u00e8me de vid\u00e9osurveillance en r\u00e9seau, bas\u00e9 \u00e0 Gen\u00e8ve et active en Suisse.\" \/>\n<meta property=\"og:url\" content=\"https:\/\/stvs.com\/en\/magazine\/\" \/>\n<meta property=\"og:site_name\" content=\"STVS\" \/>\n<meta property=\"article:modified_time\" content=\"2025-06-30T14:38:54+00:00\" \/>\n<meta property=\"og:image\" content=\"https:\/\/stvs.com\/web-stvs-0325\/wp-content\/uploads\/2025\/06\/STVS-IP-VIDEO-SECURITY.jpg\" \/>\n\t<meta property=\"og:image:width\" content=\"1200\" \/>\n\t<meta property=\"og:image:height\" content=\"628\" \/>\n\t<meta property=\"og:image:type\" content=\"image\/jpeg\" \/>\n<meta name=\"twitter:card\" content=\"summary_large_image\" \/>\n<meta name=\"twitter:label1\" content=\"Estimated reading time\" \/>\n\t<meta name=\"twitter:data1\" content=\"3 minutes\" \/>\n<script type=\"application\/ld+json\" class=\"yoast-schema-graph\">{\"@context\":\"https:\/\/schema.org\",\"@graph\":[{\"@type\":\"WebPage\",\"@id\":\"https:\/\/stvs.com\/magazine\/\",\"url\":\"https:\/\/stvs.com\/magazine\/\",\"name\":\"Magazine - STVS - IP VIDEO &amp; SECURITY\",\"isPartOf\":{\"@id\":\"https:\/\/stvs.com\/#website\"},\"primaryImageOfPage\":{\"@id\":\"https:\/\/stvs.com\/magazine\/#primaryimage\"},\"image\":{\"@id\":\"https:\/\/stvs.com\/magazine\/#primaryimage\"},\"thumbnailUrl\":\"https:\/\/stvs.com\/web-stvs-0325\/wp-content\/uploads\/2025\/06\/STVS-IP-VIDEO-SECURITY.jpg\",\"datePublished\":\"2025-03-26T16:11:33+00:00\",\"dateModified\":\"2025-06-30T14:38:54+00:00\",\"description\":\"STVS IP VIDEO & SECURITY - Sp\u00e9cialiste en int\u00e9gration de syst\u00e8me de vid\u00e9osurveillance en r\u00e9seau, bas\u00e9 \u00e0 Gen\u00e8ve et active en Suisse.\",\"breadcrumb\":{\"@id\":\"https:\/\/stvs.com\/magazine\/#breadcrumb\"},\"inLanguage\":\"en-GB\",\"potentialAction\":[{\"@type\":\"ReadAction\",\"target\":[\"https:\/\/stvs.com\/magazine\/\"]}]},{\"@type\":\"ImageObject\",\"inLanguage\":\"en-GB\",\"@id\":\"https:\/\/stvs.com\/magazine\/#primaryimage\",\"url\":\"https:\/\/stvs.com\/web-stvs-0325\/wp-content\/uploads\/2025\/06\/STVS-IP-VIDEO-SECURITY.jpg\",\"contentUrl\":\"https:\/\/stvs.com\/web-stvs-0325\/wp-content\/uploads\/2025\/06\/STVS-IP-VIDEO-SECURITY.jpg\",\"width\":1200,\"height\":628},{\"@type\":\"BreadcrumbList\",\"@id\":\"https:\/\/stvs.com\/magazine\/#breadcrumb\",\"itemListElement\":[{\"@type\":\"ListItem\",\"position\":1,\"name\":\"Accueil\",\"item\":\"https:\/\/stvs.com\/\"},{\"@type\":\"ListItem\",\"position\":2,\"name\":\"Magazine\"}]},{\"@type\":\"WebSite\",\"@id\":\"https:\/\/stvs.com\/#website\",\"url\":\"https:\/\/stvs.com\/\",\"name\":\"STVS\",\"description\":\"IP VIDEO &amp; SECURITY\",\"publisher\":{\"@id\":\"https:\/\/stvs.com\/#organization\"},\"alternateName\":\"STVS\",\"potentialAction\":[{\"@type\":\"SearchAction\",\"target\":{\"@type\":\"EntryPoint\",\"urlTemplate\":\"https:\/\/stvs.com\/?s={search_term_string}\"},\"query-input\":{\"@type\":\"PropertyValueSpecification\",\"valueRequired\":true,\"valueName\":\"search_term_string\"}}],\"inLanguage\":\"en-GB\"},{\"@type\":\"Organization\",\"@id\":\"https:\/\/stvs.com\/#organization\",\"name\":\"STVS - IP VIDEO & SECURITY\",\"alternateName\":\"STVS\",\"url\":\"https:\/\/stvs.com\/\",\"logo\":{\"@type\":\"ImageObject\",\"inLanguage\":\"en-GB\",\"@id\":\"https:\/\/stvs.com\/#\/schema\/logo\/image\/\",\"url\":\"https:\/\/stvs.com\/web-stvs-0325\/wp-content\/uploads\/2025\/03\/Logo_STVS_01_Noir_Vert-1.svg\",\"contentUrl\":\"https:\/\/stvs.com\/web-stvs-0325\/wp-content\/uploads\/2025\/03\/Logo_STVS_01_Noir_Vert-1.svg\",\"width\":1191,\"height\":493,\"caption\":\"STVS - IP VIDEO & SECURITY\"},\"image\":{\"@id\":\"https:\/\/stvs.com\/#\/schema\/logo\/image\/\"},\"sameAs\":[\"https:\/\/www.linkedin.com\/company\/stvs-sa\/\"]}]}<\/script>\n<!-- \/ Yoast SEO plugin. -->","yoast_head_json":{"title":"Magazine - STVS - IP VIDEO &amp; SECURITY","description":"STVS IP VIDEO &amp; SECURITY - Specialist in network video surveillance system integration, based in Geneva and active in Switzerland.","robots":{"index":"index","follow":"follow","max-snippet":"max-snippet:-1","max-image-preview":"max-image-preview:large","max-video-preview":"max-video-preview:-1"},"canonical":"https:\/\/stvs.com\/en\/magazine\/","og_locale":"en_GB","og_type":"article","og_title":"Magazine - STVS - IP VIDEO &amp; SECURITY","og_description":"STVS IP VIDEO & SECURITY - Sp\u00e9cialiste en int\u00e9gration de syst\u00e8me de vid\u00e9osurveillance en r\u00e9seau, bas\u00e9 \u00e0 Gen\u00e8ve et active en Suisse.","og_url":"https:\/\/stvs.com\/en\/magazine\/","og_site_name":"STVS","article_modified_time":"2025-06-30T14:38:54+00:00","og_image":[{"width":1200,"height":628,"url":"https:\/\/stvs.com\/web-stvs-0325\/wp-content\/uploads\/2025\/06\/STVS-IP-VIDEO-SECURITY.jpg","type":"image\/jpeg"}],"twitter_card":"summary_large_image","twitter_misc":{"Estimated reading time":"3 minutes"},"schema":{"@context":"https:\/\/schema.org","@graph":[{"@type":"WebPage","@id":"https:\/\/stvs.com\/magazine\/","url":"https:\/\/stvs.com\/magazine\/","name":"Magazine - STVS - IP VIDEO &amp; SECURITY","isPartOf":{"@id":"https:\/\/stvs.com\/#website"},"primaryImageOfPage":{"@id":"https:\/\/stvs.com\/magazine\/#primaryimage"},"image":{"@id":"https:\/\/stvs.com\/magazine\/#primaryimage"},"thumbnailUrl":"https:\/\/stvs.com\/web-stvs-0325\/wp-content\/uploads\/2025\/06\/STVS-IP-VIDEO-SECURITY.jpg","datePublished":"2025-03-26T16:11:33+00:00","dateModified":"2025-06-30T14:38:54+00:00","description":"STVS IP VIDEO &amp; SECURITY - Specialist in network video surveillance system integration, based in Geneva and active in Switzerland.","breadcrumb":{"@id":"https:\/\/stvs.com\/magazine\/#breadcrumb"},"inLanguage":"en-GB","potentialAction":[{"@type":"ReadAction","target":["https:\/\/stvs.com\/magazine\/"]}]},{"@type":"ImageObject","inLanguage":"en-GB","@id":"https:\/\/stvs.com\/magazine\/#primaryimage","url":"https:\/\/stvs.com\/web-stvs-0325\/wp-content\/uploads\/2025\/06\/STVS-IP-VIDEO-SECURITY.jpg","contentUrl":"https:\/\/stvs.com\/web-stvs-0325\/wp-content\/uploads\/2025\/06\/STVS-IP-VIDEO-SECURITY.jpg","width":1200,"height":628},{"@type":"BreadcrumbList","@id":"https:\/\/stvs.com\/magazine\/#breadcrumb","itemListElement":[{"@type":"ListItem","position":1,"name":"Accueil","item":"https:\/\/stvs.com\/"},{"@type":"ListItem","position":2,"name":"Magazine"}]},{"@type":"WebSite","@id":"https:\/\/stvs.com\/#website","url":"https:\/\/stvs.com\/","name":"STVS","description":"IP VIDEO &amp; SECURITY","publisher":{"@id":"https:\/\/stvs.com\/#organization"},"alternateName":"STVS","potentialAction":[{"@type":"SearchAction","target":{"@type":"EntryPoint","urlTemplate":"https:\/\/stvs.com\/?s={search_term_string}"},"query-input":{"@type":"PropertyValueSpecification","valueRequired":true,"valueName":"search_term_string"}}],"inLanguage":"en-GB"},{"@type":"Organization","@id":"https:\/\/stvs.com\/#organization","name":"STVS - IP VIDEO &amp; SECURITY","alternateName":"STVS","url":"https:\/\/stvs.com\/","logo":{"@type":"ImageObject","inLanguage":"en-GB","@id":"https:\/\/stvs.com\/#\/schema\/logo\/image\/","url":"https:\/\/stvs.com\/web-stvs-0325\/wp-content\/uploads\/2025\/03\/Logo_STVS_01_Noir_Vert-1.svg","contentUrl":"https:\/\/stvs.com\/web-stvs-0325\/wp-content\/uploads\/2025\/03\/Logo_STVS_01_Noir_Vert-1.svg","width":1191,"height":493,"caption":"STVS - IP VIDEO & SECURITY"},"image":{"@id":"https:\/\/stvs.com\/#\/schema\/logo\/image\/"},"sameAs":["https:\/\/www.linkedin.com\/company\/stvs-sa\/"]}]}},"_links":{"self":[{"href":"https:\/\/stvs.com\/en\/wp-json\/wp\/v2\/pages\/124","targetHints":{"allow":["GET"]}}],"collection":[{"href":"https:\/\/stvs.com\/en\/wp-json\/wp\/v2\/pages"}],"about":[{"href":"https:\/\/stvs.com\/en\/wp-json\/wp\/v2\/types\/page"}],"author":[{"embeddable":true,"href":"https:\/\/stvs.com\/en\/wp-json\/wp\/v2\/users\/1"}],"replies":[{"embeddable":true,"href":"https:\/\/stvs.com\/en\/wp-json\/wp\/v2\/comments?post=124"}],"version-history":[{"count":54,"href":"https:\/\/stvs.com\/en\/wp-json\/wp\/v2\/pages\/124\/revisions"}],"predecessor-version":[{"id":1637,"href":"https:\/\/stvs.com\/en\/wp-json\/wp\/v2\/pages\/124\/revisions\/1637"}],"wp:featuredmedia":[{"embeddable":true,"href":"https:\/\/stvs.com\/en\/wp-json\/wp\/v2\/media\/1594"}],"wp:attachment":[{"href":"https:\/\/stvs.com\/en\/wp-json\/wp\/v2\/media?parent=124"}],"curies":[{"name":"wp","href":"https:\/\/api.w.org\/{rel}","templated":true}]}}